{"id":192,"date":"2025-03-28T23:44:22","date_gmt":"2025-03-28T23:44:22","guid":{"rendered":"https:\/\/lumentransmedia.unicatolica.edu.co\/?page_id=192"},"modified":"2025-03-29T03:59:33","modified_gmt":"2025-03-29T03:59:33","slug":"inicio","status":"publish","type":"page","link":"https:\/\/lumentransmedia.unicatolica.edu.co\/?page_id=192","title":{"rendered":"\u00bfQuienes somos?"},"content":{"rendered":"<p style=\"text-align: left;\"><strong>Lumen Transmedia, es una iniciativa del programa de Comunicaci\u00f3n Social Periodismo y del \u00c1rea de Investigaciones, Innovaci\u00f3n y\/o Creaci\u00f3n Art\u00edstica de la Fundaci\u00f3n Universitaria Cat\u00f3lica Lumen Gentium UNICAT\u00d3LICA (Cali, Valle del Cauca, Colombia), que busca convertir los textos acad\u00e9micos, las historias de vida y los saberes de nuestros comunidades en narrativas digitales transmedia, con el objetivo de construir un conocimiento otro m\u00e1s all\u00e1 de las aulas universitarias.<\/strong><\/p>\n","protected":false},"excerpt":{"rendered":"<p>Lumen Transmedia, es una iniciativa del programa de Comunicaci\u00f3n Social Periodismo y del \u00c1rea de Investigaciones, Innovaci\u00f3n y\/o Creaci\u00f3n Art\u00edstica de la Fundaci\u00f3n Universitaria Cat\u00f3lica Lumen Gentium UNICAT\u00d3LICA (Cali, Valle del Cauca, Colombia), que busca convertir los textos acad\u00e9micos, las historias de vida y los saberes de nuestros comunidades en narrativas digitales transmedia, con el &hellip; <\/p>\n<p class=\"link-more\"><a href=\"https:\/\/lumentransmedia.unicatolica.edu.co\/?page_id=192\" class=\"more-link\">Leer m\u00e1s<span class=\"screen-reader-text\"> \u00ab\u00bfQuienes somos?\u00bb<\/span><\/a><\/p>\n","protected":false},"author":1,"featured_media":213,"parent":0,"menu_order":0,"comment_status":"closed","ping_status":"closed","template":"","meta":{"footnotes":""},"class_list":["post-192","page","type-page","status-publish","has-post-thumbnail","hentry"],"yoast_head":"<!-- This site is optimized with the Yoast SEO plugin v24.7 - https:\/\/yoast.com\/wordpress\/plugins\/seo\/ -->\n<title>\u00bfQuienes somos? - LUMEN TRANSMEDIA<\/title>\n<meta name=\"robots\" content=\"index, follow, max-snippet:-1, max-image-preview:large, max-video-preview:-1\" \/>\n<link rel=\"canonical\" href=\"https:\/\/lumentransmedia.unicatolica.edu.co\/?page_id=192\" \/>\n<meta property=\"og:locale\" content=\"es_ES\" \/>\n<meta property=\"og:type\" content=\"article\" \/>\n<meta property=\"og:title\" content=\"\u00bfQuienes somos? - LUMEN TRANSMEDIA\" \/>\n<meta property=\"og:description\" content=\"Lumen Transmedia, es una iniciativa del programa de Comunicaci\u00f3n Social Periodismo y del \u00c1rea de Investigaciones, Innovaci\u00f3n y\/o Creaci\u00f3n Art\u00edstica de la Fundaci\u00f3n Universitaria Cat\u00f3lica Lumen Gentium UNICAT\u00d3LICA (Cali, Valle del Cauca, Colombia), que busca convertir los textos acad\u00e9micos, las historias de vida y los saberes de nuestros comunidades en narrativas digitales transmedia, con el &hellip; Leer m\u00e1s \u00ab\u00bfQuienes somos?\u00bb\" \/>\n<meta property=\"og:url\" content=\"https:\/\/lumentransmedia.unicatolica.edu.co\/?page_id=192\" \/>\n<meta property=\"og:site_name\" content=\"LUMEN TRANSMEDIA\" \/>\n<meta property=\"article:modified_time\" content=\"2025-03-29T03:59:33+00:00\" \/>\n<meta property=\"og:image\" content=\"https:\/\/lumentransmedia.unicatolica.edu.co\/wp-content\/uploads\/2025\/03\/WhatsApp-Image-2025-03-28-at-10.34.26-PM-3.jpeg\" \/>\n\t<meta property=\"og:image:width\" content=\"1200\" \/>\n\t<meta property=\"og:image:height\" content=\"432\" \/>\n\t<meta property=\"og:image:type\" content=\"image\/jpeg\" \/>\n<meta name=\"twitter:card\" content=\"summary_large_image\" \/>\n<meta name=\"twitter:label1\" content=\"Tiempo de lectura\" \/>\n\t<meta name=\"twitter:data1\" content=\"1 minuto\" \/>\n<script type=\"application\/ld+json\" class=\"yoast-schema-graph\">{\"@context\":\"https:\/\/schema.org\",\"@graph\":[{\"@type\":\"WebPage\",\"@id\":\"https:\/\/lumentransmedia.unicatolica.edu.co\/?page_id=192\",\"url\":\"https:\/\/lumentransmedia.unicatolica.edu.co\/?page_id=192\",\"name\":\"\u00bfQuienes somos? - LUMEN TRANSMEDIA\",\"isPartOf\":{\"@id\":\"https:\/\/lumentransmedia.unicatolica.edu.co\/#website\"},\"primaryImageOfPage\":{\"@id\":\"https:\/\/lumentransmedia.unicatolica.edu.co\/?page_id=192#primaryimage\"},\"image\":{\"@id\":\"https:\/\/lumentransmedia.unicatolica.edu.co\/?page_id=192#primaryimage\"},\"thumbnailUrl\":\"https:\/\/lumentransmedia.unicatolica.edu.co\/wp-content\/uploads\/2025\/03\/WhatsApp-Image-2025-03-28-at-10.34.26-PM-3.jpeg\",\"datePublished\":\"2025-03-28T23:44:22+00:00\",\"dateModified\":\"2025-03-29T03:59:33+00:00\",\"breadcrumb\":{\"@id\":\"https:\/\/lumentransmedia.unicatolica.edu.co\/?page_id=192#breadcrumb\"},\"inLanguage\":\"es\",\"potentialAction\":[{\"@type\":\"ReadAction\",\"target\":[\"https:\/\/lumentransmedia.unicatolica.edu.co\/?page_id=192\"]}]},{\"@type\":\"ImageObject\",\"inLanguage\":\"es\",\"@id\":\"https:\/\/lumentransmedia.unicatolica.edu.co\/?page_id=192#primaryimage\",\"url\":\"https:\/\/lumentransmedia.unicatolica.edu.co\/wp-content\/uploads\/2025\/03\/WhatsApp-Image-2025-03-28-at-10.34.26-PM-3.jpeg\",\"contentUrl\":\"https:\/\/lumentransmedia.unicatolica.edu.co\/wp-content\/uploads\/2025\/03\/WhatsApp-Image-2025-03-28-at-10.34.26-PM-3.jpeg\",\"width\":1200,\"height\":432},{\"@type\":\"BreadcrumbList\",\"@id\":\"https:\/\/lumentransmedia.unicatolica.edu.co\/?page_id=192#breadcrumb\",\"itemListElement\":[{\"@type\":\"ListItem\",\"position\":1,\"name\":\"Portada\",\"item\":\"https:\/\/lumentransmedia.unicatolica.edu.co\/\"},{\"@type\":\"ListItem\",\"position\":2,\"name\":\"\u00bfQuienes somos?\"}]},{\"@type\":\"WebSite\",\"@id\":\"https:\/\/lumentransmedia.unicatolica.edu.co\/#website\",\"url\":\"https:\/\/lumentransmedia.unicatolica.edu.co\/\",\"name\":\"LUMEN TRANSMEDIA\",\"description\":\"Lumen Transmedia, es un espacio din\u00e1mico y multifac\u00e9tico donde convergen las distintas formas de expresi\u00f3n acad\u00e9mica, creativa y period\u00edstica. Difundimos contenidos que exploran el pensamiento cr\u00edtico, la creatividad y la informaci\u00f3n a trav\u00e9s de diversos formatos: ensayos acad\u00e9micos, art\u00edculos, narrativas escritas, podcast, fotograf\u00edas y videos. Buscamos iluminar nuevas perspectivas, dar visibilidad a voces acad\u00e9micas emergentes y generar un di\u00e1logo enriquecedor entre las distintas disciplinas. Sum\u00e9rgete en nuestros contenidos y forma parte de esta comunidad de pensamiento y creaci\u00f3n. \u00a1Explora, comparte y contribuye al mundo del conocimiento transmedial!\",\"publisher\":{\"@id\":\"https:\/\/lumentransmedia.unicatolica.edu.co\/#organization\"},\"potentialAction\":[{\"@type\":\"SearchAction\",\"target\":{\"@type\":\"EntryPoint\",\"urlTemplate\":\"https:\/\/lumentransmedia.unicatolica.edu.co\/?s={search_term_string}\"},\"query-input\":{\"@type\":\"PropertyValueSpecification\",\"valueRequired\":true,\"valueName\":\"search_term_string\"}}],\"inLanguage\":\"es\"},{\"@type\":\"Organization\",\"@id\":\"https:\/\/lumentransmedia.unicatolica.edu.co\/#organization\",\"name\":\"LUMEN TRANSMEDIA\",\"url\":\"https:\/\/lumentransmedia.unicatolica.edu.co\/\",\"logo\":{\"@type\":\"ImageObject\",\"inLanguage\":\"es\",\"@id\":\"https:\/\/lumentransmedia.unicatolica.edu.co\/#\/schema\/logo\/image\/\",\"url\":\"https:\/\/lumentransmedia.unicatolica.edu.co\/wp-content\/uploads\/2025\/03\/cropped-cropped-cropped-Copia-de-LUMEN-TRANSMEDIA-1-1.jpg\",\"contentUrl\":\"https:\/\/lumentransmedia.unicatolica.edu.co\/wp-content\/uploads\/2025\/03\/cropped-cropped-cropped-Copia-de-LUMEN-TRANSMEDIA-1-1.jpg\",\"width\":512,\"height\":346,\"caption\":\"LUMEN TRANSMEDIA\"},\"image\":{\"@id\":\"https:\/\/lumentransmedia.unicatolica.edu.co\/#\/schema\/logo\/image\/\"}}]}<\/script>\n<!-- \/ Yoast SEO plugin. -->","yoast_head_json":{"title":"\u00bfQuienes somos? - LUMEN TRANSMEDIA","robots":{"index":"index","follow":"follow","max-snippet":"max-snippet:-1","max-image-preview":"max-image-preview:large","max-video-preview":"max-video-preview:-1"},"canonical":"https:\/\/lumentransmedia.unicatolica.edu.co\/?page_id=192","og_locale":"es_ES","og_type":"article","og_title":"\u00bfQuienes somos? - LUMEN TRANSMEDIA","og_description":"Lumen Transmedia, es una iniciativa del programa de Comunicaci\u00f3n Social Periodismo y del \u00c1rea de Investigaciones, Innovaci\u00f3n y\/o Creaci\u00f3n Art\u00edstica de la Fundaci\u00f3n Universitaria Cat\u00f3lica Lumen Gentium UNICAT\u00d3LICA (Cali, Valle del Cauca, Colombia), que busca convertir los textos acad\u00e9micos, las historias de vida y los saberes de nuestros comunidades en narrativas digitales transmedia, con el &hellip; Leer m\u00e1s \u00ab\u00bfQuienes somos?\u00bb","og_url":"https:\/\/lumentransmedia.unicatolica.edu.co\/?page_id=192","og_site_name":"LUMEN TRANSMEDIA","article_modified_time":"2025-03-29T03:59:33+00:00","og_image":[{"width":1200,"height":432,"url":"https:\/\/lumentransmedia.unicatolica.edu.co\/wp-content\/uploads\/2025\/03\/WhatsApp-Image-2025-03-28-at-10.34.26-PM-3.jpeg","type":"image\/jpeg"}],"twitter_card":"summary_large_image","twitter_misc":{"Tiempo de lectura":"1 minuto"},"schema":{"@context":"https:\/\/schema.org","@graph":[{"@type":"WebPage","@id":"https:\/\/lumentransmedia.unicatolica.edu.co\/?page_id=192","url":"https:\/\/lumentransmedia.unicatolica.edu.co\/?page_id=192","name":"\u00bfQuienes somos? - LUMEN TRANSMEDIA","isPartOf":{"@id":"https:\/\/lumentransmedia.unicatolica.edu.co\/#website"},"primaryImageOfPage":{"@id":"https:\/\/lumentransmedia.unicatolica.edu.co\/?page_id=192#primaryimage"},"image":{"@id":"https:\/\/lumentransmedia.unicatolica.edu.co\/?page_id=192#primaryimage"},"thumbnailUrl":"https:\/\/lumentransmedia.unicatolica.edu.co\/wp-content\/uploads\/2025\/03\/WhatsApp-Image-2025-03-28-at-10.34.26-PM-3.jpeg","datePublished":"2025-03-28T23:44:22+00:00","dateModified":"2025-03-29T03:59:33+00:00","breadcrumb":{"@id":"https:\/\/lumentransmedia.unicatolica.edu.co\/?page_id=192#breadcrumb"},"inLanguage":"es","potentialAction":[{"@type":"ReadAction","target":["https:\/\/lumentransmedia.unicatolica.edu.co\/?page_id=192"]}]},{"@type":"ImageObject","inLanguage":"es","@id":"https:\/\/lumentransmedia.unicatolica.edu.co\/?page_id=192#primaryimage","url":"https:\/\/lumentransmedia.unicatolica.edu.co\/wp-content\/uploads\/2025\/03\/WhatsApp-Image-2025-03-28-at-10.34.26-PM-3.jpeg","contentUrl":"https:\/\/lumentransmedia.unicatolica.edu.co\/wp-content\/uploads\/2025\/03\/WhatsApp-Image-2025-03-28-at-10.34.26-PM-3.jpeg","width":1200,"height":432},{"@type":"BreadcrumbList","@id":"https:\/\/lumentransmedia.unicatolica.edu.co\/?page_id=192#breadcrumb","itemListElement":[{"@type":"ListItem","position":1,"name":"Portada","item":"https:\/\/lumentransmedia.unicatolica.edu.co\/"},{"@type":"ListItem","position":2,"name":"\u00bfQuienes somos?"}]},{"@type":"WebSite","@id":"https:\/\/lumentransmedia.unicatolica.edu.co\/#website","url":"https:\/\/lumentransmedia.unicatolica.edu.co\/","name":"LUMEN TRANSMEDIA","description":"Lumen Transmedia, es un espacio din\u00e1mico y multifac\u00e9tico donde convergen las distintas formas de expresi\u00f3n acad\u00e9mica, creativa y period\u00edstica. Difundimos contenidos que exploran el pensamiento cr\u00edtico, la creatividad y la informaci\u00f3n a trav\u00e9s de diversos formatos: ensayos acad\u00e9micos, art\u00edculos, narrativas escritas, podcast, fotograf\u00edas y videos. Buscamos iluminar nuevas perspectivas, dar visibilidad a voces acad\u00e9micas emergentes y generar un di\u00e1logo enriquecedor entre las distintas disciplinas. Sum\u00e9rgete en nuestros contenidos y forma parte de esta comunidad de pensamiento y creaci\u00f3n. \u00a1Explora, comparte y contribuye al mundo del conocimiento transmedial!","publisher":{"@id":"https:\/\/lumentransmedia.unicatolica.edu.co\/#organization"},"potentialAction":[{"@type":"SearchAction","target":{"@type":"EntryPoint","urlTemplate":"https:\/\/lumentransmedia.unicatolica.edu.co\/?s={search_term_string}"},"query-input":{"@type":"PropertyValueSpecification","valueRequired":true,"valueName":"search_term_string"}}],"inLanguage":"es"},{"@type":"Organization","@id":"https:\/\/lumentransmedia.unicatolica.edu.co\/#organization","name":"LUMEN TRANSMEDIA","url":"https:\/\/lumentransmedia.unicatolica.edu.co\/","logo":{"@type":"ImageObject","inLanguage":"es","@id":"https:\/\/lumentransmedia.unicatolica.edu.co\/#\/schema\/logo\/image\/","url":"https:\/\/lumentransmedia.unicatolica.edu.co\/wp-content\/uploads\/2025\/03\/cropped-cropped-cropped-Copia-de-LUMEN-TRANSMEDIA-1-1.jpg","contentUrl":"https:\/\/lumentransmedia.unicatolica.edu.co\/wp-content\/uploads\/2025\/03\/cropped-cropped-cropped-Copia-de-LUMEN-TRANSMEDIA-1-1.jpg","width":512,"height":346,"caption":"LUMEN TRANSMEDIA"},"image":{"@id":"https:\/\/lumentransmedia.unicatolica.edu.co\/#\/schema\/logo\/image\/"}}]}},"_links":{"self":[{"href":"https:\/\/lumentransmedia.unicatolica.edu.co\/index.php?rest_route=\/wp\/v2\/pages\/192","targetHints":{"allow":["GET"]}}],"collection":[{"href":"https:\/\/lumentransmedia.unicatolica.edu.co\/index.php?rest_route=\/wp\/v2\/pages"}],"about":[{"href":"https:\/\/lumentransmedia.unicatolica.edu.co\/index.php?rest_route=\/wp\/v2\/types\/page"}],"author":[{"embeddable":true,"href":"https:\/\/lumentransmedia.unicatolica.edu.co\/index.php?rest_route=\/wp\/v2\/users\/1"}],"replies":[{"embeddable":true,"href":"https:\/\/lumentransmedia.unicatolica.edu.co\/index.php?rest_route=%2Fwp%2Fv2%2Fcomments&post=192"}],"version-history":[{"count":3,"href":"https:\/\/lumentransmedia.unicatolica.edu.co\/index.php?rest_route=\/wp\/v2\/pages\/192\/revisions"}],"predecessor-version":[{"id":207,"href":"https:\/\/lumentransmedia.unicatolica.edu.co\/index.php?rest_route=\/wp\/v2\/pages\/192\/revisions\/207"}],"wp:featuredmedia":[{"embeddable":true,"href":"https:\/\/lumentransmedia.unicatolica.edu.co\/index.php?rest_route=\/wp\/v2\/media\/213"}],"wp:attachment":[{"href":"https:\/\/lumentransmedia.unicatolica.edu.co\/index.php?rest_route=%2Fwp%2Fv2%2Fmedia&parent=192"}],"curies":[{"name":"wp","href":"https:\/\/api.w.org\/{rel}","templated":true}]}}